{"id":2,"date":"2025-09-19T21:49:03","date_gmt":"2025-09-19T21:49:03","guid":{"rendered":"https:\/\/praiaecafe.com\/?page_id=2"},"modified":"2025-11-28T18:20:41","modified_gmt":"2025-11-28T18:20:41","slug":"sample-page","status":"publish","type":"page","link":"https:\/\/praiaecafe.com\/","title":{"rendered":"Quem somos"},"content":{"rendered":"\t\t<div data-elementor-type=\"wp-page\" data-elementor-id=\"2\" class=\"elementor elementor-2\">\n\t\t\t\t<div class=\"elementor-element elementor-element-5e3ae9c1 e-flex e-con-boxed e-con e-parent\" data-id=\"5e3ae9c1\" data-element_type=\"container\" data-e-type=\"container\">\n\t\t\t\t\t<div class=\"e-con-inner\">\n\t\t\t\t<div class=\"elementor-element elementor-element-7e5039c1 elementor-widget__width-initial elementor-widget elementor-widget-text-editor\" data-id=\"7e5039c1\" data-element_type=\"widget\" data-e-type=\"widget\" data-widget_type=\"text-editor.default\">\n\t\t\t\t\t\t\t\t\t<h6 data-start=\"119\" data-end=\"149\">\ud83c\udfe8 <strong data-start=\"125\" data-end=\"149\">Pousada Praia &amp; Caf\u00e9<\/strong><\/h6><h6 data-start=\"151\" data-end=\"415\">A <strong data-start=\"153\" data-end=\"177\">Pousada Praia &amp; Caf\u00e9<\/strong> \u00e9 o lugar ideal para quem busca <strong data-start=\"210\" data-end=\"250\">pre\u00e7o justo, simplicidade e conforto<\/strong> \ud83c\udf3f\u2728<br data-start=\"254\" data-end=\"257\" \/>Nossos quartos s\u00e3o <strong data-start=\"276\" data-end=\"293\">independentes<\/strong>, todos com <strong data-start=\"305\" data-end=\"327\">banheiro privativo<\/strong> e <strong data-start=\"330\" data-end=\"349\">ar-condicionado<\/strong>, garantindo mais privacidade e comodidade para a sua estadia \ud83d\ude0c\u2744\ufe0f<\/h6><h6 data-start=\"417\" data-end=\"553\">\ud83d\udccd <strong data-start=\"420\" data-end=\"473\">Localiza\u00e7\u00e3o Privilegiada \u2013 Litoral Leste do Cear\u00e1<\/strong><br data-start=\"473\" data-end=\"476\" \/>Estamos pr\u00f3ximos de tudo, na medida certa para voc\u00ea aproveitar e descansar:<\/h6><ul data-start=\"554\" data-end=\"720\"><li data-start=\"554\" data-end=\"597\"><h6 data-start=\"556\" data-end=\"597\">\ud83c\udfd6\ufe0f <strong data-start=\"560\" data-end=\"595\">1,5 km da Praia de Morro Branco<\/strong><\/h6><\/li><li data-start=\"598\" data-end=\"638\"><h6 data-start=\"600\" data-end=\"638\">\ud83d\udecd\ufe0f <strong data-start=\"604\" data-end=\"636\">1,5 km do centro de Beberibe<\/strong><\/h6><\/li><li data-start=\"639\" data-end=\"678\"><h6 data-start=\"641\" data-end=\"678\">\ud83c\udf06 <strong data-start=\"644\" data-end=\"666\">79 km de Fortaleza<\/strong> (capital)<\/h6><\/li><li data-start=\"679\" data-end=\"720\"><h6 data-start=\"681\" data-end=\"720\">\ud83c\udf05 <strong data-start=\"684\" data-end=\"711\">70 km de Canoa Quebrada<\/strong> (aprox.)<\/h6><\/li><\/ul><h6 data-start=\"722\" data-end=\"859\">Aqui voc\u00ea encontra <strong data-start=\"741\" data-end=\"777\">economia, conforto e praticidade<\/strong> em um s\u00f3 lugar \u2014 perfeito para relaxar e curtir o melhor do litoral cearense \ud83c\udf0a\u2600\ufe0f<\/h6><h6 data-start=\"861\" data-end=\"927\">\ud83d\udc99 <strong data-start=\"868\" data-end=\"927\">Pousada Praia &amp; Caf\u00e9 \u2014 Simples, econ\u00f4mica e acolhedora.<\/strong><\/h6>\t\t\t\t\t\t\t\t<\/div>\n\t\t\t\t\t<\/div>\n\t\t\t\t<\/div>\n\t\t<div class=\"elementor-element elementor-element-da4b3e3 e-flex e-con-boxed e-con e-parent\" data-id=\"da4b3e3\" data-element_type=\"container\" data-e-type=\"container\">\n\t\t\t\t\t<div class=\"e-con-inner\">\n\t\t\t\t<div class=\"elementor-element elementor-element-1fa11c1 elementor-widget elementor-widget-html\" data-id=\"1fa11c1\" data-element_type=\"widget\" data-e-type=\"widget\" data-widget_type=\"html.default\">\n\t\t\t\t\t<div id=\"widgetHolder_z9yz5xqiu\"><\/div>\r\n  <script>\r\n    (function (w, d, s, o, f, js, fjs) {\r\n      if (w[o]) return;\r\n      w['BB-Widget'] = o; w[o] = w[o] || function () { (w[o].q = w[o].q || []).push(arguments) };\r\n      js = d.createElement(s), fjs = d.getElementsByTagName(s)[0];\r\n      js.id = o; js.src = f; js.async = 1; fjs.parentNode.insertBefore(js, fjs);\r\n    }(window, document, 'script', 'w1', 'https:\/\/bed-booking.com\/widget\/widget.js'));\r\n    w1('init', {targetElementId: 'widgetHolder_z9yz5xqiu',widgetId: 'd7a9b284774be362edfacf02371bc310be84d7a6', type:'simple', staticWidget: 1})\r\n  <\/script>\t\t\t\t<\/div>\n\t\t\t\t\t<\/div>\n\t\t\t\t<\/div>\n\t\t<div class=\"elementor-element elementor-element-46adb69 e-flex e-con-boxed e-con e-parent\" data-id=\"46adb69\" data-element_type=\"container\" data-e-type=\"container\">\n\t\t\t\t\t<div class=\"e-con-inner\">\n\t\t\t\t\t<\/div>\n\t\t\t\t<\/div>\n\t\t\t\t<\/div>\n\t\t","protected":false},"excerpt":{"rendered":"<p>\ud83c\udfe8 Pousada Praia &amp; Caf\u00e9 A Pousada Praia &amp; Caf\u00e9 \u00e9 o lugar ideal para quem busca pre\u00e7o justo, simplicidade e conforto \ud83c\udf3f\u2728Nossos quartos s\u00e3o independentes, todos com banheiro privativo e ar-condicionado, garantindo mais privacidade e comodidade para a sua estadia \ud83d\ude0c\u2744\ufe0f \ud83d\udccd Localiza\u00e7\u00e3o Privilegiada \u2013 Litoral Leste do Cear\u00e1Estamos pr\u00f3ximos de tudo, na medida [&hellip;]<\/p>\n","protected":false},"author":1,"featured_media":0,"parent":0,"menu_order":0,"comment_status":"closed","ping_status":"closed","template":"","meta":{"footnotes":""},"class_list":["post-2","page","type-page","status-publish","hentry"],"_links":{"self":[{"href":"https:\/\/praiaecafe.com\/index.php?rest_route=\/wp\/v2\/pages\/2","targetHints":{"allow":["GET"]}}],"collection":[{"href":"https:\/\/praiaecafe.com\/index.php?rest_route=\/wp\/v2\/pages"}],"about":[{"href":"https:\/\/praiaecafe.com\/index.php?rest_route=\/wp\/v2\/types\/page"}],"author":[{"embeddable":true,"href":"https:\/\/praiaecafe.com\/index.php?rest_route=\/wp\/v2\/users\/1"}],"replies":[{"embeddable":true,"href":"https:\/\/praiaecafe.com\/index.php?rest_route=%2Fwp%2Fv2%2Fcomments&post=2"}],"version-history":[{"count":17,"href":"https:\/\/praiaecafe.com\/index.php?rest_route=\/wp\/v2\/pages\/2\/revisions"}],"predecessor-version":[{"id":102,"href":"https:\/\/praiaecafe.com\/index.php?rest_route=\/wp\/v2\/pages\/2\/revisions\/102"}],"wp:attachment":[{"href":"https:\/\/praiaecafe.com\/index.php?rest_route=%2Fwp%2Fv2%2Fmedia&parent=2"}],"curies":[{"name":"wp","href":"https:\/\/api.w.org\/{rel}","templated":true}]}}