{"id":78,"date":"2025-11-27T22:49:55","date_gmt":"2025-11-27T22:49:55","guid":{"rendered":"https:\/\/praiaecafe.com\/?page_id=78"},"modified":"2025-11-27T23:00:53","modified_gmt":"2025-11-27T23:00:53","slug":"localizacao","status":"publish","type":"page","link":"https:\/\/praiaecafe.com\/?page_id=78","title":{"rendered":"Localiza\u00e7\u00e3o"},"content":{"rendered":"\t\t<div data-elementor-type=\"wp-page\" data-elementor-id=\"78\" class=\"elementor elementor-78\">\n\t\t\t\t<div class=\"elementor-element elementor-element-60deb2f e-flex e-con-boxed e-con e-parent\" data-id=\"60deb2f\" data-element_type=\"container\" data-e-type=\"container\">\n\t\t\t\t\t<div class=\"e-con-inner\">\n\t\t\t\t<div class=\"elementor-element elementor-element-0a658ce elementor-widget elementor-widget-text-editor\" data-id=\"0a658ce\" data-element_type=\"widget\" data-e-type=\"widget\" data-widget_type=\"text-editor.default\">\n\t\t\t\t\t\t\t\t\t<h1 data-start=\"212\" data-end=\"257\">\ud83c\udf34 <strong data-start=\"217\" data-end=\"255\">Como Chegar \u00e0 Pousada Praia &amp; Caf\u00e9<\/strong><\/h1><p data-start=\"259\" data-end=\"472\">\ud83d\udccd <strong data-start=\"262\" data-end=\"277\">Localiza\u00e7\u00e3o<\/strong><br data-start=\"277\" data-end=\"280\" \/>A Pousada Praia &amp; Caf\u00e9 est\u00e1 situada em uma \u00e1rea tranquila e charmosa de Beberibe, no litoral leste do Cear\u00e1.<br data-start=\"388\" data-end=\"391\" \/><strong data-start=\"391\" data-end=\"404\">Endere\u00e7o:<\/strong> Rua G, 49 \u2013 COHAB, Beberibe, CE<br data-start=\"429\" data-end=\"432\" \/><strong data-start=\"432\" data-end=\"448\">Coordenadas:<\/strong> \u20134.168035, \u201338.122492<\/p><p data-start=\"474\" data-end=\"596\">\ud83c\udfd6\ufe0f Estamos a poucos minutos das praias mais famosas da regi\u00e3o, como <strong data-start=\"543\" data-end=\"559\">Morro Branco<\/strong> e suas incr\u00edveis fal\u00e9sias coloridas!<\/p><hr data-start=\"598\" data-end=\"601\" \/><h1 data-start=\"603\" data-end=\"633\">\ud83d\ude97 <strong data-start=\"608\" data-end=\"633\">Chegando de Fortaleza<\/strong><\/h1><p data-start=\"635\" data-end=\"653\"><strong data-start=\"635\" data-end=\"651\">\ud83d\ude99 De Carro:<\/strong><\/p><ul data-start=\"654\" data-end=\"825\"><li data-start=\"654\" data-end=\"712\"><p data-start=\"656\" data-end=\"712\">Siga pela rodovia <strong data-start=\"674\" data-end=\"684\">CE-040<\/strong> no sentido litoral leste.<\/p><\/li><li data-start=\"713\" data-end=\"784\"><p data-start=\"715\" data-end=\"784\">Continue at\u00e9 Beberibe e entre seguindo as placas para Morro Branco.<\/p><\/li><li data-start=\"785\" data-end=\"825\"><p data-start=\"787\" data-end=\"825\">A estrada \u00e9 segura e bem sinalizada.<\/p><\/li><\/ul><p data-start=\"827\" data-end=\"866\">\u23f1 <strong data-start=\"829\" data-end=\"855\">Tempo m\u00e9dio de viagem:<\/strong> 1h a 1h30.<\/p><hr data-start=\"868\" data-end=\"871\" \/><h1 data-start=\"873\" data-end=\"902\">\ud83d\ude8c <strong data-start=\"878\" data-end=\"900\">Chegando de \u00d4nibus<\/strong><\/h1><ul data-start=\"903\" data-end=\"1095\"><li data-start=\"903\" data-end=\"986\"><p data-start=\"905\" data-end=\"986\">A via\u00e7\u00e3o <strong data-start=\"914\" data-end=\"930\">S\u00e3o Benedito<\/strong> faz o trajeto <strong data-start=\"945\" data-end=\"969\">Fortaleza \u2192 Beberibe<\/strong> todos os dias.<\/p><\/li><li data-start=\"987\" data-end=\"1095\"><p data-start=\"989\" data-end=\"1095\">Ao chegar no terminal de Beberibe, \u00e9 s\u00f3 pegar t\u00e1xi, motot\u00e1xi ou transporte por aplicativo at\u00e9 a pousada.<\/p><\/li><\/ul><p data-start=\"1097\" data-end=\"1133\">\u23f1 <strong data-start=\"1099\" data-end=\"1115\">Tempo m\u00e9dio:<\/strong> cerca de 2 horas.<\/p><hr data-start=\"1135\" data-end=\"1138\" \/><h1 data-start=\"1140\" data-end=\"1166\">\ud83c\udf1f <strong data-start=\"1145\" data-end=\"1164\">Dica Importante<\/strong><\/h1><p data-start=\"1167\" data-end=\"1261\">Use as coordenadas no GPS \ud83d\udcf1 para ir direto at\u00e9 a porta da pousada \u2014 r\u00e1pido, f\u00e1cil e sem erro!<\/p>\t\t\t\t\t\t\t\t<\/div>\n\t\t\t\t\t<\/div>\n\t\t\t\t<\/div>\n\t\t\t\t<\/div>\n\t\t","protected":false},"excerpt":{"rendered":"<p>\ud83c\udf34 Como Chegar \u00e0 Pousada Praia &amp; Caf\u00e9 \ud83d\udccd Localiza\u00e7\u00e3oA Pousada Praia &amp; Caf\u00e9 est\u00e1 situada em uma \u00e1rea tranquila e charmosa de Beberibe, no litoral leste do Cear\u00e1.Endere\u00e7o: Rua G, 49 \u2013 COHAB, Beberibe, CECoordenadas: \u20134.168035, \u201338.122492 \ud83c\udfd6\ufe0f Estamos a poucos minutos das praias mais famosas da regi\u00e3o, como Morro Branco e suas incr\u00edveis [&hellip;]<\/p>\n","protected":false},"author":1,"featured_media":0,"parent":0,"menu_order":0,"comment_status":"closed","ping_status":"closed","template":"","meta":{"footnotes":""},"class_list":["post-78","page","type-page","status-publish","hentry"],"_links":{"self":[{"href":"https:\/\/praiaecafe.com\/index.php?rest_route=\/wp\/v2\/pages\/78","targetHints":{"allow":["GET"]}}],"collection":[{"href":"https:\/\/praiaecafe.com\/index.php?rest_route=\/wp\/v2\/pages"}],"about":[{"href":"https:\/\/praiaecafe.com\/index.php?rest_route=\/wp\/v2\/types\/page"}],"author":[{"embeddable":true,"href":"https:\/\/praiaecafe.com\/index.php?rest_route=\/wp\/v2\/users\/1"}],"replies":[{"embeddable":true,"href":"https:\/\/praiaecafe.com\/index.php?rest_route=%2Fwp%2Fv2%2Fcomments&post=78"}],"version-history":[{"count":7,"href":"https:\/\/praiaecafe.com\/index.php?rest_route=\/wp\/v2\/pages\/78\/revisions"}],"predecessor-version":[{"id":89,"href":"https:\/\/praiaecafe.com\/index.php?rest_route=\/wp\/v2\/pages\/78\/revisions\/89"}],"wp:attachment":[{"href":"https:\/\/praiaecafe.com\/index.php?rest_route=%2Fwp%2Fv2%2Fmedia&parent=78"}],"curies":[{"name":"wp","href":"https:\/\/api.w.org\/{rel}","templated":true}]}}